{"id":1033,"date":"2025-03-12T12:50:01","date_gmt":"2025-03-12T12:50:01","guid":{"rendered":"https:\/\/paellanomada.com\/?page_id=1033"},"modified":"2025-11-22T03:15:50","modified_gmt":"2025-11-22T02:15:50","slug":"workshops","status":"publish","type":"page","link":"https:\/\/paellanomada.com\/en\/workshops\/","title":{"rendered":"Workshops &amp; Teambuilding"},"content":{"rendered":"<div data-elementor-type=\"wp-page\" data-elementor-id=\"1033\" class=\"elementor elementor-1033\" data-elementor-post-type=\"page\">\n\t\t\t\t<div class=\"elementor-element elementor-element-6fa429d e-flex e-con-boxed e-con e-parent\" data-id=\"6fa429d\" data-element_type=\"container\">\n\t\t\t\t\t<div class=\"e-con-inner\">\n\t\t\t\t<div class=\"elementor-element elementor-element-a058159 elementor-widget elementor-widget-gallery\" data-id=\"a058159\" data-element_type=\"widget\" data-settings=\"{&quot;gallery_layout&quot;:&quot;masonry&quot;,&quot;columns&quot;:2,&quot;columns_mobile&quot;:2,&quot;lazyload&quot;:&quot;yes&quot;,&quot;columns_tablet&quot;:2,&quot;gap&quot;:{&quot;unit&quot;:&quot;px&quot;,&quot;size&quot;:10,&quot;sizes&quot;:[]},&quot;gap_tablet&quot;:{&quot;unit&quot;:&quot;px&quot;,&quot;size&quot;:10,&quot;sizes&quot;:[]},&quot;gap_mobile&quot;:{&quot;unit&quot;:&quot;px&quot;,&quot;size&quot;:10,&quot;sizes&quot;:[]},&quot;overlay_background&quot;:&quot;yes&quot;,&quot;content_hover_animation&quot;:&quot;fade-in&quot;}\" data-widget_type=\"gallery.default\">\n\t\t\t\t\t\t\t<div class=\"elementor-gallery__container\">\n\t\t\t\t\t\t\t<div class=\"e-gallery-item elementor-gallery-item elementor-animated-content\">\n\t\t\t\t\t<div class=\"e-gallery-image elementor-gallery-item__image\" data-thumbnail=\"https:\/\/paellanomada.com\/wp-content\/uploads\/2025\/03\/SERVINT-PAELLA-CARN-1-scaled.jpg\" data-width=\"2262\" data-height=\"2560\" aria-label=\"\" role=\"img\" ><\/div>\n\t\t\t\t\t\t\t\t\t\t\t<div class=\"elementor-gallery-item__overlay\"><\/div>\n\t\t\t\t\t\t\t\t\t\t\t\t\t\t<\/div>\n\t\t\t\t\t\t\t<div class=\"e-gallery-item elementor-gallery-item elementor-animated-content\">\n\t\t\t\t\t<div class=\"e-gallery-image elementor-gallery-item__image\" data-thumbnail=\"https:\/\/paellanomada.com\/wp-content\/uploads\/2025\/03\/Fideua.webp\" data-width=\"853\" data-height=\"853\" aria-label=\"\" role=\"img\" ><\/div>\n\t\t\t\t\t\t\t\t\t\t\t<div class=\"elementor-gallery-item__overlay\"><\/div>\n\t\t\t\t\t\t\t\t\t\t\t\t\t\t<\/div>\n\t\t\t\t\t\t\t<div class=\"e-gallery-item elementor-gallery-item elementor-animated-content\">\n\t\t\t\t\t<div class=\"e-gallery-image elementor-gallery-item__image\" data-thumbnail=\"https:\/\/paellanomada.com\/wp-content\/uploads\/2025\/03\/La-carta-banner.webp\" data-width=\"1920\" data-height=\"1080\" aria-label=\"The-letter-banner\" role=\"img\" ><\/div>\n\t\t\t\t\t\t\t\t\t\t\t<div class=\"elementor-gallery-item__overlay\"><\/div>\n\t\t\t\t\t\t\t\t\t\t\t\t\t\t<\/div>\n\t\t\t\t\t\t\t<div class=\"e-gallery-item elementor-gallery-item elementor-animated-content\">\n\t\t\t\t\t<div class=\"e-gallery-image elementor-gallery-item__image\" data-thumbnail=\"https:\/\/paellanomada.com\/wp-content\/uploads\/2025\/03\/Copy-of-ROSSEJAT-PAELLA-CARN-1-scaled.jpg\" data-width=\"2560\" data-height=\"1707\" aria-label=\"\" role=\"img\" ><\/div>\n\t\t\t\t\t\t\t\t\t\t\t<div class=\"elementor-gallery-item__overlay\"><\/div>\n\t\t\t\t\t\t\t\t\t\t\t\t\t\t<\/div>\n\t\t\t\t\t\t\t<div class=\"e-gallery-item elementor-gallery-item elementor-animated-content\">\n\t\t\t\t\t<div class=\"e-gallery-image elementor-gallery-item__image\" data-thumbnail=\"https:\/\/paellanomada.com\/wp-content\/uploads\/2025\/03\/SHOWCOOKING-PAELLA-MARISC4.jpeg\" data-width=\"1600\" data-height=\"1066\" aria-label=\"\" role=\"img\" ><\/div>\n\t\t\t\t\t\t\t\t\t\t\t<div class=\"elementor-gallery-item__overlay\"><\/div>\n\t\t\t\t\t\t\t\t\t\t\t\t\t\t<\/div>\n\t\t\t\t\t<\/div>\n\t\t\t\t\t<\/div>\n\t\t<div class=\"elementor-element elementor-element-9efe279 e-con-full e-flex e-con e-child\" data-id=\"9efe279\" data-element_type=\"container\">\n\t\t\t\t<div class=\"elementor-element elementor-element-a24a026 elementor-widget elementor-widget-heading\" data-id=\"a24a026\" data-element_type=\"widget\" data-widget_type=\"heading.default\">\n\t\t\t\t\t<h1 class=\"elementor-heading-title elementor-size-default\">Workshops &amp; Teambuilding<\/h1>\t\t\t\t<\/div>\n\t\t\t\t<div class=\"elementor-element elementor-element-faf8402 elementor-widget__width-initial elementor-widget elementor-widget-image\" data-id=\"faf8402\" data-element_type=\"widget\" data-widget_type=\"image.default\">\n\t\t\t\t\t\t\t\t\t\t\t\t\t\t\t<img fetchpriority=\"high\" decoding=\"async\" width=\"2560\" height=\"1710\" src=\"https:\/\/paellanomada.com\/wp-content\/uploads\/2025\/03\/PAELLA-SENYORET1-scaled.jpg\" class=\"attachment-full size-full wp-image-1122\" alt=\"\" srcset=\"https:\/\/paellanomada.com\/wp-content\/uploads\/2025\/03\/PAELLA-SENYORET1-scaled.jpg 2560w, https:\/\/paellanomada.com\/wp-content\/uploads\/2025\/03\/PAELLA-SENYORET1-300x200.jpg 300w, https:\/\/paellanomada.com\/wp-content\/uploads\/2025\/03\/PAELLA-SENYORET1-1024x684.jpg 1024w, https:\/\/paellanomada.com\/wp-content\/uploads\/2025\/03\/PAELLA-SENYORET1-768x513.jpg 768w, https:\/\/paellanomada.com\/wp-content\/uploads\/2025\/03\/PAELLA-SENYORET1-1536x1026.jpg 1536w, https:\/\/paellanomada.com\/wp-content\/uploads\/2025\/03\/PAELLA-SENYORET1-2048x1368.jpg 2048w\" sizes=\"(max-width: 2560px) 100vw, 2560px\" \/>\t\t\t\t\t\t\t\t\t\t\t\t\t\t\t<\/div>\n\t\t<div class=\"elementor-element elementor-element-a82be99 e-con-full e-flex e-con e-child\" data-id=\"a82be99\" data-element_type=\"container\">\n\t\t\t\t<div class=\"elementor-element elementor-element-b986462 elementor-widget__width-inherit elementor-widget elementor-widget-heading\" data-id=\"b986462\" data-element_type=\"widget\" data-widget_type=\"heading.default\">\n\t\t\t\t\t<h2 class=\"elementor-heading-title elementor-size-default\">Gastronomic experience for teams\n\n<\/h2>\t\t\t\t<\/div>\n\t\t\t\t<div class=\"elementor-element elementor-element-533250f elementor-widget elementor-widget-text-editor\" data-id=\"533250f\" data-element_type=\"widget\" data-widget_type=\"text-editor.default\">\n\t\t\t\t\t\t\t\t\t<p class=\"\" data-start=\"45\" data-end=\"188\">Enjoy one <strong data-start=\"59\" data-end=\"90\">unique culinary experience<\/strong>, ideal for <strong data-start=\"104\" data-end=\"151\">corporate events, team meetings<\/strong> or <strong data-start=\"154\" data-end=\"185\">team building activities<\/strong>.<\/p><p class=\"\" data-start=\"190\" data-end=\"300\">A format designed for <strong data-start=\"211\" data-end=\"240\">encourage collaboration<\/strong>, learning and a good atmosphere among coworkers.<\/p><p class=\"\" data-start=\"302\" data-end=\"466\">Our team is in charge of <strong data-start=\"333\" data-end=\"353\">all the details<\/strong>, so you only have to focus on <strong data-start=\"391\" data-end=\"428\">enjoy, cook and toast together<\/strong> in a relaxed and participatory environment.<\/p><p class=\"\" data-start=\"468\" data-end=\"543\">\ud83d\udcc5 <strong data-start=\"471\" data-end=\"543\" data-is-last-node=\"\">Book your experience now and strengthen your team bonds!<\/strong><\/p>\t\t\t\t\t\t\t\t<\/div>\n\t\t\t\t<div class=\"elementor-element elementor-element-f0b9524 elementor-widget__width-auto elementor-tablet-align-justify elementor-widget-tablet__width-auto elementor-align-left elementor-widget elementor-widget-button\" data-id=\"f0b9524\" data-element_type=\"widget\" data-widget_type=\"button.default\">\n\t\t\t\t\t\t\t\t\t\t<a class=\"elementor-button elementor-button-link elementor-size-sm elementor-animation-float\" href=\"mailto:albertgasno@gmail.com\" target=\"_blank\">\n\t\t\t\t\t\t<span class=\"elementor-button-content-wrapper\">\n\t\t\t\t\t\t\t\t\t<span class=\"elementor-button-text\">CONTACT<\/span>\n\t\t\t\t\t<\/span>\n\t\t\t\t\t<\/a>\n\t\t\t\t\t\t\t\t<\/div>\n\t\t\t\t<\/div>\n\t\t\t\t<\/div>\n\t\t\t\t\t<\/div>\n\t\t\t\t<\/div>\n\t\t\t\t<\/div>","protected":false},"excerpt":{"rendered":"<p>Workshops &amp; Teambuildings Experi\u00e8ncia gastron\u00f2mica per a equips Gaudeix d&#8217;una experi\u00e8ncia culin\u00e0ria \u00fanica, ideal per a esdeveniments corporatius, reunions d&#8217;equip o activitats de team building. Un format pensat per fomentar la col\u00b7laboraci\u00f3, l\u2019aprenentatge i el bon ambient entre companys de feina. El nostre equip s&#8217;encarrega de tots els detalls, perqu\u00e8 nom\u00e9s us h\u00e0giu de centrar [&hellip;]<\/p>","protected":false},"author":2,"featured_media":0,"parent":0,"menu_order":0,"comment_status":"closed","ping_status":"closed","template":"elementor_header_footer","meta":{"footnotes":""},"class_list":["post-1033","page","type-page","status-publish","hentry"],"yoast_head":"<!-- This site is optimized with the Yoast SEO plugin v26.4 - https:\/\/yoast.com\/wordpress\/plugins\/seo\/ -->\n<title>Workshops &amp; Teambuildings - Paella Nomada<\/title>\n<meta name=\"robots\" content=\"index, follow, max-snippet:-1, max-image-preview:large, max-video-preview:-1\" \/>\n<link rel=\"canonical\" href=\"https:\/\/paellanomada.com\/en\/workshops\/\" \/>\n<meta property=\"og:locale\" content=\"en_GB\" \/>\n<meta property=\"og:type\" content=\"article\" \/>\n<meta property=\"og:title\" content=\"Workshops &amp; Teambuildings - Paella Nomada\" \/>\n<meta property=\"og:description\" content=\"Workshops &amp; Teambuildings Experi\u00e8ncia gastron\u00f2mica per a equips Gaudeix d&#8217;una experi\u00e8ncia culin\u00e0ria \u00fanica, ideal per a esdeveniments corporatius, reunions d&#8217;equip o activitats de team building. Un format pensat per fomentar la col\u00b7laboraci\u00f3, l\u2019aprenentatge i el bon ambient entre companys de feina. El nostre equip s&#8217;encarrega de tots els detalls, perqu\u00e8 nom\u00e9s us h\u00e0giu de centrar [&hellip;]\" \/>\n<meta property=\"og:url\" content=\"https:\/\/paellanomada.com\/en\/workshops\/\" \/>\n<meta property=\"og:site_name\" content=\"Paella Nomada\" \/>\n<meta property=\"article:modified_time\" content=\"2025-11-22T02:15:50+00:00\" \/>\n<meta property=\"og:image\" content=\"https:\/\/paellanomada.com\/wp-content\/uploads\/2025\/03\/PAELLA-SENYORET1-scaled.jpg\" \/>\n\t<meta property=\"og:image:width\" content=\"2560\" \/>\n\t<meta property=\"og:image:height\" content=\"1710\" \/>\n\t<meta property=\"og:image:type\" content=\"image\/jpeg\" \/>\n<meta name=\"twitter:card\" content=\"summary_large_image\" \/>\n<meta name=\"twitter:label1\" content=\"Estimated reading time\" \/>\n\t<meta name=\"twitter:data1\" content=\"1 minute\" \/>\n<script type=\"application\/ld+json\" class=\"yoast-schema-graph\">{\"@context\":\"https:\/\/schema.org\",\"@graph\":[{\"@type\":\"WebPage\",\"@id\":\"https:\/\/paellanomada.com\/workshops\/\",\"url\":\"https:\/\/paellanomada.com\/workshops\/\",\"name\":\"Workshops &amp; Teambuildings - Paella Nomada\",\"isPartOf\":{\"@id\":\"https:\/\/paellanomada.com\/#website\"},\"primaryImageOfPage\":{\"@id\":\"https:\/\/paellanomada.com\/workshops\/#primaryimage\"},\"image\":{\"@id\":\"https:\/\/paellanomada.com\/workshops\/#primaryimage\"},\"thumbnailUrl\":\"https:\/\/paellanomada.com\/wp-content\/uploads\/2025\/03\/PAELLA-SENYORET1-scaled.jpg\",\"datePublished\":\"2025-03-12T12:50:01+00:00\",\"dateModified\":\"2025-11-22T02:15:50+00:00\",\"breadcrumb\":{\"@id\":\"https:\/\/paellanomada.com\/workshops\/#breadcrumb\"},\"inLanguage\":\"en-GB\",\"potentialAction\":[{\"@type\":\"ReadAction\",\"target\":[\"https:\/\/paellanomada.com\/workshops\/\"]}]},{\"@type\":\"ImageObject\",\"inLanguage\":\"en-GB\",\"@id\":\"https:\/\/paellanomada.com\/workshops\/#primaryimage\",\"url\":\"https:\/\/paellanomada.com\/wp-content\/uploads\/2025\/03\/PAELLA-SENYORET1-scaled.jpg\",\"contentUrl\":\"https:\/\/paellanomada.com\/wp-content\/uploads\/2025\/03\/PAELLA-SENYORET1-scaled.jpg\"},{\"@type\":\"BreadcrumbList\",\"@id\":\"https:\/\/paellanomada.com\/workshops\/#breadcrumb\",\"itemListElement\":[{\"@type\":\"ListItem\",\"position\":1,\"name\":\"Home\",\"item\":\"https:\/\/paellanomada.com\/\"},{\"@type\":\"ListItem\",\"position\":2,\"name\":\"Workshops &amp; Teambuildings\"}]},{\"@type\":\"WebSite\",\"@id\":\"https:\/\/paellanomada.com\/#website\",\"url\":\"https:\/\/paellanomada.com\/\",\"name\":\"Paella Nomada\",\"description\":\"Paelles gourmet per a esdeveniments d&#039;empresa i festes privades a Barcelona\",\"potentialAction\":[{\"@type\":\"SearchAction\",\"target\":{\"@type\":\"EntryPoint\",\"urlTemplate\":\"https:\/\/paellanomada.com\/?s={search_term_string}\"},\"query-input\":{\"@type\":\"PropertyValueSpecification\",\"valueRequired\":true,\"valueName\":\"search_term_string\"}}],\"inLanguage\":\"en-GB\"}]}<\/script>\n<!-- \/ Yoast SEO plugin. -->","yoast_head_json":{"title":"Workshops &amp; Teambuildings - Paella Nomada","robots":{"index":"index","follow":"follow","max-snippet":"max-snippet:-1","max-image-preview":"max-image-preview:large","max-video-preview":"max-video-preview:-1"},"canonical":"https:\/\/paellanomada.com\/en\/workshops\/","og_locale":"en_GB","og_type":"article","og_title":"Workshops &amp; Teambuildings - Paella Nomada","og_description":"Workshops &amp; Teambuildings Experi\u00e8ncia gastron\u00f2mica per a equips Gaudeix d&#8217;una experi\u00e8ncia culin\u00e0ria \u00fanica, ideal per a esdeveniments corporatius, reunions d&#8217;equip o activitats de team building. Un format pensat per fomentar la col\u00b7laboraci\u00f3, l\u2019aprenentatge i el bon ambient entre companys de feina. El nostre equip s&#8217;encarrega de tots els detalls, perqu\u00e8 nom\u00e9s us h\u00e0giu de centrar [&hellip;]","og_url":"https:\/\/paellanomada.com\/en\/workshops\/","og_site_name":"Paella Nomada","article_modified_time":"2025-11-22T02:15:50+00:00","og_image":[{"width":2560,"height":1710,"url":"https:\/\/paellanomada.com\/wp-content\/uploads\/2025\/03\/PAELLA-SENYORET1-scaled.jpg","type":"image\/jpeg"}],"twitter_card":"summary_large_image","twitter_misc":{"Estimated reading time":"1 minute"},"schema":{"@context":"https:\/\/schema.org","@graph":[{"@type":"WebPage","@id":"https:\/\/paellanomada.com\/workshops\/","url":"https:\/\/paellanomada.com\/workshops\/","name":"Workshops &amp; Teambuildings - Paella Nomada","isPartOf":{"@id":"https:\/\/paellanomada.com\/#website"},"primaryImageOfPage":{"@id":"https:\/\/paellanomada.com\/workshops\/#primaryimage"},"image":{"@id":"https:\/\/paellanomada.com\/workshops\/#primaryimage"},"thumbnailUrl":"https:\/\/paellanomada.com\/wp-content\/uploads\/2025\/03\/PAELLA-SENYORET1-scaled.jpg","datePublished":"2025-03-12T12:50:01+00:00","dateModified":"2025-11-22T02:15:50+00:00","breadcrumb":{"@id":"https:\/\/paellanomada.com\/workshops\/#breadcrumb"},"inLanguage":"en-GB","potentialAction":[{"@type":"ReadAction","target":["https:\/\/paellanomada.com\/workshops\/"]}]},{"@type":"ImageObject","inLanguage":"en-GB","@id":"https:\/\/paellanomada.com\/workshops\/#primaryimage","url":"https:\/\/paellanomada.com\/wp-content\/uploads\/2025\/03\/PAELLA-SENYORET1-scaled.jpg","contentUrl":"https:\/\/paellanomada.com\/wp-content\/uploads\/2025\/03\/PAELLA-SENYORET1-scaled.jpg"},{"@type":"BreadcrumbList","@id":"https:\/\/paellanomada.com\/workshops\/#breadcrumb","itemListElement":[{"@type":"ListItem","position":1,"name":"Home","item":"https:\/\/paellanomada.com\/"},{"@type":"ListItem","position":2,"name":"Workshops &amp; Teambuildings"}]},{"@type":"WebSite","@id":"https:\/\/paellanomada.com\/#website","url":"https:\/\/paellanomada.com\/","name":"Nomad Paella","description":"Gourmet paellas for corporate events and private parties in Barcelona","potentialAction":[{"@type":"SearchAction","target":{"@type":"EntryPoint","urlTemplate":"https:\/\/paellanomada.com\/?s={search_term_string}"},"query-input":{"@type":"PropertyValueSpecification","valueRequired":true,"valueName":"search_term_string"}}],"inLanguage":"en-GB"}]}},"_links":{"self":[{"href":"https:\/\/paellanomada.com\/en\/wp-json\/wp\/v2\/pages\/1033","targetHints":{"allow":["GET"]}}],"collection":[{"href":"https:\/\/paellanomada.com\/en\/wp-json\/wp\/v2\/pages"}],"about":[{"href":"https:\/\/paellanomada.com\/en\/wp-json\/wp\/v2\/types\/page"}],"author":[{"embeddable":true,"href":"https:\/\/paellanomada.com\/en\/wp-json\/wp\/v2\/users\/2"}],"replies":[{"embeddable":true,"href":"https:\/\/paellanomada.com\/en\/wp-json\/wp\/v2\/comments?post=1033"}],"version-history":[{"count":80,"href":"https:\/\/paellanomada.com\/en\/wp-json\/wp\/v2\/pages\/1033\/revisions"}],"predecessor-version":[{"id":1712,"href":"https:\/\/paellanomada.com\/en\/wp-json\/wp\/v2\/pages\/1033\/revisions\/1712"}],"wp:attachment":[{"href":"https:\/\/paellanomada.com\/en\/wp-json\/wp\/v2\/media?parent=1033"}],"curies":[{"name":"wp","href":"https:\/\/api.w.org\/{rel}","templated":true}]}}