{"id":256,"date":"2025-02-28T14:57:13","date_gmt":"2025-02-28T13:57:13","guid":{"rendered":"https:\/\/paellanomada.arryma.com\/?page_id=256"},"modified":"2025-03-31T10:43:56","modified_gmt":"2025-03-31T10:43:56","slug":"demana-pressupost","status":"publish","type":"page","link":"https:\/\/paellanomada.com\/en\/demana-pressupost\/","title":{"rendered":"Request a Quote"},"content":{"rendered":"<div data-elementor-type=\"wp-page\" data-elementor-id=\"256\" class=\"elementor elementor-256\" data-elementor-post-type=\"page\">\n\t\t\t\t<div class=\"elementor-element elementor-element-8638858 e-flex e-con-boxed e-con e-parent\" data-id=\"8638858\" data-element_type=\"container\" data-settings=\"{&quot;background_background&quot;:&quot;classic&quot;}\">\n\t\t\t\t\t<div class=\"e-con-inner\">\n\t\t<div class=\"elementor-element elementor-element-747df16 e-con-full e-flex e-con e-child\" data-id=\"747df16\" data-element_type=\"container\">\n\t\t\t\t<div class=\"elementor-element elementor-element-5f15e35 elementor-invisible elementor-widget elementor-widget-elementskit-heading\" data-id=\"5f15e35\" data-element_type=\"widget\" data-settings=\"{&quot;_animation&quot;:&quot;fadeInUp&quot;,&quot;_animation_delay&quot;:200}\" data-widget_type=\"elementskit-heading.default\">\n\t\t\t\t\t<div class=\"ekit-wid-con\" ><div class=\"ekit-heading elementskit-section-title-wraper text_left   ekit_heading_tablet-   ekit_heading_mobile-\"><h1 class=\"ekit-heading--title elementskit-section-title\"> <span><span>Request a quote<\/span><\/span> for your event<\/h1><\/div><\/div>\t\t\t\t<\/div>\n\t\t\t\t<div class=\"elementor-element elementor-element-2717221 elementor-widget elementor-widget-text-editor\" data-id=\"2717221\" data-element_type=\"widget\" data-widget_type=\"text-editor.default\">\n\t\t\t\t\t\t\t\t\t<p><span style=\"font-weight: 400;\">Do you want to enjoy the gastronomic experience of Paella N\u00f3mada at your next event? We offer live paella cooking shows, gourmet paellas for private events, birthdays, weddings and much more. Tell us your idea and we will take care of turning it into an unforgettable moment.<\/span><\/p><p><span style=\"font-weight: 400;\">Fill out the form to request your quote!<\/span><\/p>\t\t\t\t\t\t\t\t<\/div>\n\t\t\t\t<div class=\"elementor-element elementor-element-a342994 elementor-widget__width-auto elementor-tablet-align-justify elementor-widget-tablet__width-auto elementor-align-left elementor-widget elementor-widget-button\" data-id=\"a342994\" data-element_type=\"widget\" data-widget_type=\"button.default\">\n\t\t\t\t\t\t\t\t\t\t<a class=\"elementor-button elementor-button-link elementor-size-sm elementor-animation-float\" href=\"https:\/\/docs.google.com\/forms\/d\/e\/1FAIpQLSczwMBlUixAGkTsuNPIGUHzgoa8WPYTZzhJVUlBIEn0jGSguA\/viewform\" target=\"_blank\">\n\t\t\t\t\t\t<span class=\"elementor-button-content-wrapper\">\n\t\t\t\t\t\t\t\t\t<span class=\"elementor-button-text\">Fill out the form <\/span>\n\t\t\t\t\t<\/span>\n\t\t\t\t\t<\/a>\n\t\t\t\t\t\t\t\t<\/div>\n\t\t\t\t<\/div>\n\t\t\t\t\t<\/div>\n\t\t\t\t<\/div>\n\t\t\t\t<\/div>","protected":false},"excerpt":{"rendered":"<p>Demana pressupost per al teu esdeveniment Vols gaudir de l&#8217;experi\u00e8ncia gastron\u00f2mica de Paella N\u00f3mada al teu pr\u00f2xim esdeveniment? Oferim Show Cooking de paelles en directe, paelles gourmet per a esdeveniments privats, aniversaris, casaments i molt m\u00e9s. Explica&#8217;ns la teva idea i ens encarregarem de convertir-la en un moment inoblidable. Omple el formulari per demanar el [&hellip;]<\/p>","protected":false},"author":3,"featured_media":0,"parent":0,"menu_order":0,"comment_status":"closed","ping_status":"closed","template":"elementor_header_footer","meta":{"footnotes":""},"class_list":["post-256","page","type-page","status-publish","hentry"],"yoast_head":"<!-- This site is optimized with the Yoast SEO plugin v26.4 - https:\/\/yoast.com\/wordpress\/plugins\/seo\/ -->\n<title>Demana Pressupost - Paella Nomada<\/title>\n<meta name=\"robots\" content=\"index, follow, max-snippet:-1, max-image-preview:large, max-video-preview:-1\" \/>\n<link rel=\"canonical\" href=\"https:\/\/paellanomada.com\/en\/demana-pressupost\/\" \/>\n<meta property=\"og:locale\" content=\"en_GB\" \/>\n<meta property=\"og:type\" content=\"article\" \/>\n<meta property=\"og:title\" content=\"Demana Pressupost - Paella Nomada\" \/>\n<meta property=\"og:description\" content=\"Demana pressupost per al teu esdeveniment Vols gaudir de l&#8217;experi\u00e8ncia gastron\u00f2mica de Paella N\u00f3mada al teu pr\u00f2xim esdeveniment? Oferim Show Cooking de paelles en directe, paelles gourmet per a esdeveniments privats, aniversaris, casaments i molt m\u00e9s. Explica&#8217;ns la teva idea i ens encarregarem de convertir-la en un moment inoblidable. Omple el formulari per demanar el [&hellip;]\" \/>\n<meta property=\"og:url\" content=\"https:\/\/paellanomada.com\/en\/demana-pressupost\/\" \/>\n<meta property=\"og:site_name\" content=\"Paella Nomada\" \/>\n<meta property=\"article:modified_time\" content=\"2025-03-31T10:43:56+00:00\" \/>\n<meta name=\"twitter:card\" content=\"summary_large_image\" \/>\n<meta name=\"twitter:label1\" content=\"Estimated reading time\" \/>\n\t<meta name=\"twitter:data1\" content=\"1 minute\" \/>\n<script type=\"application\/ld+json\" class=\"yoast-schema-graph\">{\"@context\":\"https:\/\/schema.org\",\"@graph\":[{\"@type\":\"WebPage\",\"@id\":\"https:\/\/paellanomada.com\/demana-pressupost\/\",\"url\":\"https:\/\/paellanomada.com\/demana-pressupost\/\",\"name\":\"Demana Pressupost - Paella Nomada\",\"isPartOf\":{\"@id\":\"https:\/\/paellanomada.com\/#website\"},\"datePublished\":\"2025-02-28T13:57:13+00:00\",\"dateModified\":\"2025-03-31T10:43:56+00:00\",\"breadcrumb\":{\"@id\":\"https:\/\/paellanomada.com\/demana-pressupost\/#breadcrumb\"},\"inLanguage\":\"en-GB\",\"potentialAction\":[{\"@type\":\"ReadAction\",\"target\":[\"https:\/\/paellanomada.com\/demana-pressupost\/\"]}]},{\"@type\":\"BreadcrumbList\",\"@id\":\"https:\/\/paellanomada.com\/demana-pressupost\/#breadcrumb\",\"itemListElement\":[{\"@type\":\"ListItem\",\"position\":1,\"name\":\"Home\",\"item\":\"https:\/\/paellanomada.com\/\"},{\"@type\":\"ListItem\",\"position\":2,\"name\":\"Demana Pressupost\"}]},{\"@type\":\"WebSite\",\"@id\":\"https:\/\/paellanomada.com\/#website\",\"url\":\"https:\/\/paellanomada.com\/\",\"name\":\"Paella Nomada\",\"description\":\"Paelles gourmet per a esdeveniments d&#039;empresa i festes privades a Barcelona\",\"potentialAction\":[{\"@type\":\"SearchAction\",\"target\":{\"@type\":\"EntryPoint\",\"urlTemplate\":\"https:\/\/paellanomada.com\/?s={search_term_string}\"},\"query-input\":{\"@type\":\"PropertyValueSpecification\",\"valueRequired\":true,\"valueName\":\"search_term_string\"}}],\"inLanguage\":\"en-GB\"}]}<\/script>\n<!-- \/ Yoast SEO plugin. -->","yoast_head_json":{"title":"Demana Pressupost - Paella Nomada","robots":{"index":"index","follow":"follow","max-snippet":"max-snippet:-1","max-image-preview":"max-image-preview:large","max-video-preview":"max-video-preview:-1"},"canonical":"https:\/\/paellanomada.com\/en\/demana-pressupost\/","og_locale":"en_GB","og_type":"article","og_title":"Demana Pressupost - Paella Nomada","og_description":"Demana pressupost per al teu esdeveniment Vols gaudir de l&#8217;experi\u00e8ncia gastron\u00f2mica de Paella N\u00f3mada al teu pr\u00f2xim esdeveniment? Oferim Show Cooking de paelles en directe, paelles gourmet per a esdeveniments privats, aniversaris, casaments i molt m\u00e9s. Explica&#8217;ns la teva idea i ens encarregarem de convertir-la en un moment inoblidable. Omple el formulari per demanar el [&hellip;]","og_url":"https:\/\/paellanomada.com\/en\/demana-pressupost\/","og_site_name":"Paella Nomada","article_modified_time":"2025-03-31T10:43:56+00:00","twitter_card":"summary_large_image","twitter_misc":{"Estimated reading time":"1 minute"},"schema":{"@context":"https:\/\/schema.org","@graph":[{"@type":"WebPage","@id":"https:\/\/paellanomada.com\/demana-pressupost\/","url":"https:\/\/paellanomada.com\/demana-pressupost\/","name":"Demana Pressupost - Paella Nomada","isPartOf":{"@id":"https:\/\/paellanomada.com\/#website"},"datePublished":"2025-02-28T13:57:13+00:00","dateModified":"2025-03-31T10:43:56+00:00","breadcrumb":{"@id":"https:\/\/paellanomada.com\/demana-pressupost\/#breadcrumb"},"inLanguage":"en-GB","potentialAction":[{"@type":"ReadAction","target":["https:\/\/paellanomada.com\/demana-pressupost\/"]}]},{"@type":"BreadcrumbList","@id":"https:\/\/paellanomada.com\/demana-pressupost\/#breadcrumb","itemListElement":[{"@type":"ListItem","position":1,"name":"Home","item":"https:\/\/paellanomada.com\/"},{"@type":"ListItem","position":2,"name":"Demana Pressupost"}]},{"@type":"WebSite","@id":"https:\/\/paellanomada.com\/#website","url":"https:\/\/paellanomada.com\/","name":"Nomad Paella","description":"Gourmet paellas for corporate events and private parties in Barcelona","potentialAction":[{"@type":"SearchAction","target":{"@type":"EntryPoint","urlTemplate":"https:\/\/paellanomada.com\/?s={search_term_string}"},"query-input":{"@type":"PropertyValueSpecification","valueRequired":true,"valueName":"search_term_string"}}],"inLanguage":"en-GB"}]}},"_links":{"self":[{"href":"https:\/\/paellanomada.com\/en\/wp-json\/wp\/v2\/pages\/256","targetHints":{"allow":["GET"]}}],"collection":[{"href":"https:\/\/paellanomada.com\/en\/wp-json\/wp\/v2\/pages"}],"about":[{"href":"https:\/\/paellanomada.com\/en\/wp-json\/wp\/v2\/types\/page"}],"author":[{"embeddable":true,"href":"https:\/\/paellanomada.com\/en\/wp-json\/wp\/v2\/users\/3"}],"replies":[{"embeddable":true,"href":"https:\/\/paellanomada.com\/en\/wp-json\/wp\/v2\/comments?post=256"}],"version-history":[{"count":10,"href":"https:\/\/paellanomada.com\/en\/wp-json\/wp\/v2\/pages\/256\/revisions"}],"predecessor-version":[{"id":1396,"href":"https:\/\/paellanomada.com\/en\/wp-json\/wp\/v2\/pages\/256\/revisions\/1396"}],"wp:attachment":[{"href":"https:\/\/paellanomada.com\/en\/wp-json\/wp\/v2\/media?parent=256"}],"curies":[{"name":"wp","href":"https:\/\/api.w.org\/{rel}","templated":true}]}}