{"id":266,"date":"2025-02-28T14:57:59","date_gmt":"2025-02-28T13:57:59","guid":{"rendered":"https:\/\/paellanomada.arryma.com\/?page_id=266"},"modified":"2025-11-22T01:35:01","modified_gmt":"2025-11-22T00:35:01","slug":"contacte","status":"publish","type":"page","link":"https:\/\/paellanomada.com\/es\/contacte\/","title":{"rendered":"Contacto"},"content":{"rendered":"<div data-elementor-type=\"wp-page\" data-elementor-id=\"266\" class=\"elementor elementor-266\" data-elementor-post-type=\"page\">\n\t\t\t\t<div class=\"elementor-element elementor-element-df35133 e-flex e-con-boxed e-con e-parent\" data-id=\"df35133\" data-element_type=\"container\" data-settings=\"{&quot;background_background&quot;:&quot;classic&quot;}\">\n\t\t\t\t\t<div class=\"e-con-inner\">\n\t\t<div class=\"elementor-element elementor-element-55d29d2 e-con-full e-flex e-con e-child\" data-id=\"55d29d2\" data-element_type=\"container\">\n\t\t\t\t<div class=\"elementor-element elementor-element-2ec9394 elementor-invisible elementor-widget elementor-widget-elementskit-heading\" data-id=\"2ec9394\" data-element_type=\"widget\" data-settings=\"{&quot;_animation&quot;:&quot;fadeInUp&quot;,&quot;_animation_delay&quot;:200}\" data-widget_type=\"elementskit-heading.default\">\n\t\t\t\t\t<div class=\"ekit-wid-con\" ><div class=\"ekit-heading elementskit-section-title-wraper text_left   ekit_heading_tablet-   ekit_heading_mobile-text_center\"><h1 class=\"ekit-heading--title elementskit-section-title\">Contacto<\/h1><\/div><\/div>\t\t\t\t<\/div>\n\t\t\t\t<\/div>\n\t\t\t\t\t<\/div>\n\t\t\t\t<\/div>\n\t\t<div class=\"elementor-element elementor-element-e681d08 e-flex e-con-boxed e-con e-parent\" data-id=\"e681d08\" data-element_type=\"container\" data-settings=\"{&quot;background_background&quot;:&quot;classic&quot;}\">\n\t\t\t\t\t<div class=\"e-con-inner\">\n\t\t<div class=\"elementor-element elementor-element-0cc9cd9 e-con-full e-flex e-con e-child\" data-id=\"0cc9cd9\" data-element_type=\"container\">\n\t\t\t\t<div class=\"elementor-element elementor-element-14800ff elementor-invisible elementor-widget elementor-widget-heading\" data-id=\"14800ff\" data-element_type=\"widget\" data-settings=\"{&quot;_animation&quot;:&quot;fadeInUp&quot;}\" data-widget_type=\"heading.default\">\n\t\t\t\t\t<h2 class=\"elementor-heading-title elementor-size-default\">Contacta con nosotros!<\/h2>\t\t\t\t<\/div>\n\t\t\t\t<div class=\"elementor-element elementor-element-e8609fe elementor-widget elementor-widget-text-editor\" data-id=\"e8609fe\" data-element_type=\"widget\" data-widget_type=\"text-editor.default\">\n\t\t\t\t\t\t\t\t\t<p><span style=\"font-weight: 400;\">Si est\u00e1s buscando un servicio de sartenes gourmet a domicilio y show cooking, profesional, eficaz y de calidad, ponte en contacto con nosotros. Estamos aqu\u00ed para realizar tus eventos inolvidables. Puedes contarnos tu idea o simplemente solicitar informaci\u00f3n sobre lo que ofrecemos a trav\u00e9s de:<\/span><\/p>\t\t\t\t\t\t\t\t<\/div>\n\t\t<div class=\"elementor-element elementor-element-819589b e-grid e-con-full e-con e-child\" data-id=\"819589b\" data-element_type=\"container\">\n\t\t\t\t<div class=\"elementor-element elementor-element-7b936b7 elementor-widget elementor-widget-icon-box\" data-id=\"7b936b7\" data-element_type=\"widget\" data-widget_type=\"icon-box.default\">\n\t\t\t\t\t\t\t<div class=\"elementor-icon-box-wrapper\">\n\n\t\t\t\n\t\t\t\t\t\t<div class=\"elementor-icon-box-content\">\n\n\t\t\t\t\t\t\t\t\t<div class=\"elementor-icon-box-title\">\n\t\t\t\t\t\t<a href=\"http:\/\/mailto.lapaellanomada@gmail.com\" >\n\t\t\t\t\t\t\tE-mail\t\t\t\t\t\t<\/a>\n\t\t\t\t\t<\/div>\n\t\t\t\t\n\t\t\t\t\t\t\t\t\t<p class=\"elementor-icon-box-description\">\n\t\t\t\t\t\tlapaellanomada@gmail.com\t\t\t\t\t<\/p>\n\t\t\t\t\n\t\t\t<\/div>\n\t\t\t\n\t\t<\/div>\n\t\t\t\t\t\t<\/div>\n\t\t\t\t<div class=\"elementor-element elementor-element-2fd4f2f elementor-widget elementor-widget-icon-box\" data-id=\"2fd4f2f\" data-element_type=\"widget\" data-widget_type=\"icon-box.default\">\n\t\t\t\t\t\t\t<div class=\"elementor-icon-box-wrapper\">\n\n\t\t\t\n\t\t\t\t\t\t<div class=\"elementor-icon-box-content\">\n\n\t\t\t\t\t\t\t\t\t<div class=\"elementor-icon-box-title\">\n\t\t\t\t\t\t<a href=\"https:\/\/www.instagram.com\/paellanomada\/\" target=\"_blank\" >\n\t\t\t\t\t\t\tInstagram\t\t\t\t\t\t<\/a>\n\t\t\t\t\t<\/div>\n\t\t\t\t\n\t\t\t\t\t\t\t\t\t<p class=\"elementor-icon-box-description\">\n\t\t\t\t\t\t@paellanomada\t\t\t\t\t<\/p>\n\t\t\t\t\n\t\t\t<\/div>\n\t\t\t\n\t\t<\/div>\n\t\t\t\t\t\t<\/div>\n\t\t\t\t<div class=\"elementor-element elementor-element-82e8889 elementor-widget elementor-widget-icon-box\" data-id=\"82e8889\" data-element_type=\"widget\" data-widget_type=\"icon-box.default\">\n\t\t\t\t\t\t\t<div class=\"elementor-icon-box-wrapper\">\n\n\t\t\t\n\t\t\t\t\t\t<div class=\"elementor-icon-box-content\">\n\n\t\t\t\t\t\t\t\t\t<div class=\"elementor-icon-box-title\">\n\t\t\t\t\t\t<a href=\"https:\/\/api.whatsapp.com\/send\/?phone=34666064990&#038;text&#038;type=phone_number&#038;app_absent=0\" target=\"_blank\" >\n\t\t\t\t\t\t\tWhatsapp\t\t\t\t\t\t<\/a>\n\t\t\t\t\t<\/div>\n\t\t\t\t\n\t\t\t\t\t\t\t\t\t<p class=\"elementor-icon-box-description\">\n\t\t\t\t\t\t+34 666 064 990\t\t\t\t\t<\/p>\n\t\t\t\t\n\t\t\t<\/div>\n\t\t\t\n\t\t<\/div>\n\t\t\t\t\t\t<\/div>\n\t\t\t\t<\/div>\n\t\t\t\t<\/div>\n\t\t<div class=\"elementor-element elementor-element-3d3b9a0 e-con-full e-flex e-con e-child\" data-id=\"3d3b9a0\" data-element_type=\"container\">\n\t\t\t\t<div class=\"elementor-element elementor-element-f6e9e01 elementor-widget elementor-widget-elementskit-contact-form7\" data-id=\"f6e9e01\" data-element_type=\"widget\" data-widget_type=\"elementskit-contact-form7.default\">\n\t\t\t\t\t<div class=\"ekit-wid-con\" ><div class=\"ekit-form\">\n<div class=\"wpcf7 no-js\" id=\"wpcf7-f899-p266-o1\" lang=\"es-ES\" dir=\"ltr\" data-wpcf7-id=\"899\">\n<div class=\"screen-reader-response\"><p role=\"status\" aria-live=\"polite\" aria-atomic=\"true\"><\/p> <ul><\/ul><\/div>\n<form action=\"\/es\/contacte\/#wpcf7-f899-p266-o1\" method=\"post\" class=\"wpcf7-form init\" aria-label=\"Formulario de contacto\" novalidate=\"novalidate\" data-status=\"init\" data-trp-original-action=\"\/contacte\/#wpcf7-f899-p266-o1\">\n<fieldset class=\"hidden-fields-container\"><input type=\"hidden\" name=\"_wpcf7\" value=\"899\" \/><input type=\"hidden\" name=\"_wpcf7_version\" value=\"6.1.3\" \/><input type=\"hidden\" name=\"_wpcf7_locale\" value=\"es_ES\" \/><input type=\"hidden\" name=\"_wpcf7_unit_tag\" value=\"wpcf7-f899-p266-o1\" \/><input type=\"hidden\" name=\"_wpcf7_container_post\" value=\"266\" \/><input type=\"hidden\" name=\"_wpcf7_posted_data_hash\" value=\"\" \/><input type=\"hidden\" name=\"_wpcf7_recaptcha_response\" value=\"\" \/>\n<\/fieldset>\n<div class=\"form-row\">\n\t<div class=\"form-column\">\n\t\t<p><label for=\"nombre\">N\u00famero *<\/label><br \/>\n<span class=\"wpcf7-form-control-wrap\" data-name=\"nombre\"><input size=\"40\" maxlength=\"400\" class=\"wpcf7-form-control wpcf7-text wpcf7-validates-as-required\" id=\"nombre\" aria-required=\"true\" aria-invalid=\"false\" placeholder=\"Ej: Juan Garc\u00eda\" value=\"\" type=\"text\" name=\"nombre\" \/><\/span>\n\t\t<\/p>\n\t<\/div>\n\t<div class=\"form-column\">\n\t\t<p><label for=\"telefono\">Tel\u00e9fono *<\/label><br \/>\n<span class=\"wpcf7-form-control-wrap\" data-name=\"telefono\"><input size=\"40\" maxlength=\"400\" class=\"wpcf7-form-control wpcf7-tel wpcf7-validates-as-required wpcf7-text wpcf7-validates-as-tel\" id=\"telefono\" aria-required=\"true\" aria-invalid=\"false\" placeholder=\"Ej: 666 777 888\" value=\"\" type=\"tel\" name=\"telefono\" \/><\/span>\n\t\t<\/p>\n\t<\/div>\n<\/div>\n<div class=\"form-row\">\n\t<div class=\"form-column\">\n\t\t<p><label for=\"email\">Correo electr\u00f3nico *<\/label><br \/>\n<span class=\"wpcf7-form-control-wrap\" data-name=\"email\"><input size=\"40\" maxlength=\"400\" class=\"wpcf7-form-control wpcf7-email wpcf7-validates-as-required wpcf7-text wpcf7-validates-as-email\" id=\"email\" aria-required=\"true\" aria-invalid=\"false\" placeholder=\"Ej: info@dominio.com\" value=\"\" type=\"email\" name=\"email\" \/><\/span>\n\t\t<\/p>\n\t<\/div>\n\t<div class=\"form-column\">\n\t\t<p><label for=\"asunto\">Asunto *<\/label><br \/>\n<span class=\"wpcf7-form-control-wrap\" data-name=\"asunto\"><input size=\"40\" maxlength=\"400\" class=\"wpcf7-form-control wpcf7-text wpcf7-validates-as-required\" id=\"asunto\" aria-required=\"true\" aria-invalid=\"false\" placeholder=\"Motivo de la consulta\" value=\"\" type=\"text\" name=\"asunto\" \/><\/span>\n\t\t<\/p>\n\t<\/div>\n<\/div>\n<div class=\"form-row-full\">\n\t<p><label for=\"mensaje\">Mensaje *<\/label><br \/>\n<span class=\"wpcf7-form-control-wrap\" data-name=\"mensaje\"><textarea cols=\"40\" rows=\"10\" maxlength=\"2000\" class=\"wpcf7-form-control wpcf7-textarea wpcf7-validates-as-required\" id=\"mensaje\" aria-required=\"true\" aria-invalid=\"false\" placeholder=\"Escribe aqu\u00ed tu mensaje...\" name=\"mensaje\"><\/textarea><\/span>\n\t<\/p>\n<\/div>\n<div class=\"form-acceptance\">\n\t<p><span class=\"wpcf7-form-control-wrap\" data-name=\"politica\"><span class=\"wpcf7-form-control wpcf7-acceptance\"><span class=\"wpcf7-list-item\"><label><input type=\"checkbox\" name=\"politica\" value=\"1\" aria-invalid=\"false\" \/><span class=\"wpcf7-list-item-label\"><span class=\"txt-acepto\">He le\u00eddo y acepto la <\/span>\n    <a class=\"pp\" href=\"\/es\/politica-de-privacidad\/\">Pol\u00edtica de Privacidad<\/a><\/span><\/label><\/span><\/span><\/span>\n\t<\/p>\n<\/div>\n<p><input class=\"wpcf7-form-control wpcf7-submit has-spinner\" type=\"submit\" value=\"Enviar mensaje\" \/>\n<\/p><div class=\"wpcf7-response-output\" aria-hidden=\"true\"><\/div>\n<input type=\"hidden\" name=\"trp-form-language\" value=\"es\"\/><\/form>\n<\/div>\n<\/div><\/div>\t\t\t\t<\/div>\n\t\t\t\t<\/div>\n\t\t\t\t\t<\/div>\n\t\t\t\t<\/div>\n\t\t<div class=\"elementor-element elementor-element-40cd761 e-con-full e-flex e-con e-parent\" data-id=\"40cd761\" data-element_type=\"container\">\n\t\t<div class=\"elementor-element elementor-element-824b2f3 e-con-full e-flex e-con e-child\" data-id=\"824b2f3\" data-element_type=\"container\">\n\t\t\t\t<div class=\"elementor-element elementor-element-26209bc elementor-widget elementor-widget-google_maps\" data-id=\"26209bc\" data-element_type=\"widget\" data-widget_type=\"google_maps.default\">\n\t\t\t\t\t\t\t<div class=\"elementor-custom-embed\">\n\t\t\t<iframe loading=\"lazy\"\n\t\t\t\t\tsrc=\"https:\/\/maps.google.com\/maps?q=Gralla%2019%2008186%20Lli%C3%A7%C3%A0%20d%27Amunt%20%28Barcelona%29&#038;t=m&#038;z=17&#038;output=embed&#038;iwloc=near\"\n\t\t\t\t\ttitle=\"Gralla 19 08186 Lli\u00e7\u00e0 d&#039;Amunt (Barcelona)\"\n\t\t\t\t\taria-label=\"Gralla 19 08186 Lli\u00e7\u00e0 d&#039;Amunt (Barcelona)\"\n\t\t\t><\/iframe>\n\t\t<\/div>\n\t\t\t\t\t\t<\/div>\n\t\t\t\t<\/div>\n\t\t\t\t<\/div>\n\t\t\t\t<\/div>","protected":false},"excerpt":{"rendered":"<p>Contacte Contacta amb nosaltres! Si est\u00e0s buscant un servei de paelles gourmet a domicili i show cooking, professional, efica\u00e7 i de qualitat, posa\u2019t en contacte amb nosaltres. Estem aqu\u00ed per fer els teus esdeveniments inoblidables. Pots explicar-nos la teva idea o simplement solicitar informaci\u00f3 sobre el qu\u00e8 oferim a trav\u00e9s de: E-mail lapaellanomada@gmail.com Instagram @paellanomada [&hellip;]<\/p>","protected":false},"author":3,"featured_media":0,"parent":0,"menu_order":0,"comment_status":"closed","ping_status":"closed","template":"elementor_header_footer","meta":{"footnotes":""},"class_list":["post-266","page","type-page","status-publish","hentry"],"yoast_head":"<!-- This site is optimized with the Yoast SEO plugin v26.4 - https:\/\/yoast.com\/wordpress\/plugins\/seo\/ -->\n<title>Contacte - Paella Nomada<\/title>\n<meta name=\"robots\" content=\"index, follow, max-snippet:-1, max-image-preview:large, max-video-preview:-1\" \/>\n<link rel=\"canonical\" href=\"https:\/\/paellanomada.com\/es\/contacte\/\" \/>\n<meta property=\"og:locale\" content=\"es_ES\" \/>\n<meta property=\"og:type\" content=\"article\" \/>\n<meta property=\"og:title\" content=\"Contacte - Paella Nomada\" \/>\n<meta property=\"og:description\" content=\"Contacte Contacta amb nosaltres! Si est\u00e0s buscant un servei de paelles gourmet a domicili i show cooking, professional, efica\u00e7 i de qualitat, posa\u2019t en contacte amb nosaltres. Estem aqu\u00ed per fer els teus esdeveniments inoblidables. Pots explicar-nos la teva idea o simplement solicitar informaci\u00f3 sobre el qu\u00e8 oferim a trav\u00e9s de: E-mail lapaellanomada@gmail.com Instagram @paellanomada [&hellip;]\" \/>\n<meta property=\"og:url\" content=\"https:\/\/paellanomada.com\/es\/contacte\/\" \/>\n<meta property=\"og:site_name\" content=\"Paella Nomada\" \/>\n<meta property=\"article:modified_time\" content=\"2025-11-22T00:35:01+00:00\" \/>\n<meta name=\"twitter:card\" content=\"summary_large_image\" \/>\n<meta name=\"twitter:label1\" content=\"Tiempo de lectura\" \/>\n\t<meta name=\"twitter:data1\" content=\"1 minuto\" \/>\n<script type=\"application\/ld+json\" class=\"yoast-schema-graph\">{\"@context\":\"https:\/\/schema.org\",\"@graph\":[{\"@type\":\"WebPage\",\"@id\":\"https:\/\/paellanomada.com\/contacte\/\",\"url\":\"https:\/\/paellanomada.com\/contacte\/\",\"name\":\"Contacte - Paella Nomada\",\"isPartOf\":{\"@id\":\"https:\/\/paellanomada.com\/#website\"},\"datePublished\":\"2025-02-28T13:57:59+00:00\",\"dateModified\":\"2025-11-22T00:35:01+00:00\",\"breadcrumb\":{\"@id\":\"https:\/\/paellanomada.com\/contacte\/#breadcrumb\"},\"inLanguage\":\"es\",\"potentialAction\":[{\"@type\":\"ReadAction\",\"target\":[\"https:\/\/paellanomada.com\/contacte\/\"]}]},{\"@type\":\"BreadcrumbList\",\"@id\":\"https:\/\/paellanomada.com\/contacte\/#breadcrumb\",\"itemListElement\":[{\"@type\":\"ListItem\",\"position\":1,\"name\":\"Home\",\"item\":\"https:\/\/paellanomada.com\/\"},{\"@type\":\"ListItem\",\"position\":2,\"name\":\"Contacte\"}]},{\"@type\":\"WebSite\",\"@id\":\"https:\/\/paellanomada.com\/#website\",\"url\":\"https:\/\/paellanomada.com\/\",\"name\":\"Paella Nomada\",\"description\":\"Paelles gourmet per a esdeveniments d&#039;empresa i festes privades a Barcelona\",\"potentialAction\":[{\"@type\":\"SearchAction\",\"target\":{\"@type\":\"EntryPoint\",\"urlTemplate\":\"https:\/\/paellanomada.com\/?s={search_term_string}\"},\"query-input\":{\"@type\":\"PropertyValueSpecification\",\"valueRequired\":true,\"valueName\":\"search_term_string\"}}],\"inLanguage\":\"es\"}]}<\/script>\n<!-- \/ Yoast SEO plugin. -->","yoast_head_json":{"title":"Contacte - Paella Nomada","robots":{"index":"index","follow":"follow","max-snippet":"max-snippet:-1","max-image-preview":"max-image-preview:large","max-video-preview":"max-video-preview:-1"},"canonical":"https:\/\/paellanomada.com\/es\/contacte\/","og_locale":"es_ES","og_type":"article","og_title":"Contacte - Paella Nomada","og_description":"Contacte Contacta amb nosaltres! Si est\u00e0s buscant un servei de paelles gourmet a domicili i show cooking, professional, efica\u00e7 i de qualitat, posa\u2019t en contacte amb nosaltres. Estem aqu\u00ed per fer els teus esdeveniments inoblidables. Pots explicar-nos la teva idea o simplement solicitar informaci\u00f3 sobre el qu\u00e8 oferim a trav\u00e9s de: E-mail lapaellanomada@gmail.com Instagram @paellanomada [&hellip;]","og_url":"https:\/\/paellanomada.com\/es\/contacte\/","og_site_name":"Paella Nomada","article_modified_time":"2025-11-22T00:35:01+00:00","twitter_card":"summary_large_image","twitter_misc":{"Tiempo de lectura":"1 minuto"},"schema":{"@context":"https:\/\/schema.org","@graph":[{"@type":"WebPage","@id":"https:\/\/paellanomada.com\/contacte\/","url":"https:\/\/paellanomada.com\/contacte\/","name":"Contacte - Paella Nomada","isPartOf":{"@id":"https:\/\/paellanomada.com\/#website"},"datePublished":"2025-02-28T13:57:59+00:00","dateModified":"2025-11-22T00:35:01+00:00","breadcrumb":{"@id":"https:\/\/paellanomada.com\/contacte\/#breadcrumb"},"inLanguage":"es","potentialAction":[{"@type":"ReadAction","target":["https:\/\/paellanomada.com\/contacte\/"]}]},{"@type":"BreadcrumbList","@id":"https:\/\/paellanomada.com\/contacte\/#breadcrumb","itemListElement":[{"@type":"ListItem","position":1,"name":"Home","item":"https:\/\/paellanomada.com\/"},{"@type":"ListItem","position":2,"name":"Contacte"}]},{"@type":"WebSite","@id":"https:\/\/paellanomada.com\/#website","url":"https:\/\/paellanomada.com\/","name":"Paella Nomada","description":"Paellas gourmet para eventos de empresa y fiestas privadas en Barcelona","potentialAction":[{"@type":"SearchAction","target":{"@type":"EntryPoint","urlTemplate":"https:\/\/paellanomada.com\/?s={search_term_string}"},"query-input":{"@type":"PropertyValueSpecification","valueRequired":true,"valueName":"search_term_string"}}],"inLanguage":"es"}]}},"_links":{"self":[{"href":"https:\/\/paellanomada.com\/es\/wp-json\/wp\/v2\/pages\/266","targetHints":{"allow":["GET"]}}],"collection":[{"href":"https:\/\/paellanomada.com\/es\/wp-json\/wp\/v2\/pages"}],"about":[{"href":"https:\/\/paellanomada.com\/es\/wp-json\/wp\/v2\/types\/page"}],"author":[{"embeddable":true,"href":"https:\/\/paellanomada.com\/es\/wp-json\/wp\/v2\/users\/3"}],"replies":[{"embeddable":true,"href":"https:\/\/paellanomada.com\/es\/wp-json\/wp\/v2\/comments?post=266"}],"version-history":[{"count":51,"href":"https:\/\/paellanomada.com\/es\/wp-json\/wp\/v2\/pages\/266\/revisions"}],"predecessor-version":[{"id":1662,"href":"https:\/\/paellanomada.com\/es\/wp-json\/wp\/v2\/pages\/266\/revisions\/1662"}],"wp:attachment":[{"href":"https:\/\/paellanomada.com\/es\/wp-json\/wp\/v2\/media?parent=266"}],"curies":[{"name":"wp","href":"https:\/\/api.w.org\/{rel}","templated":true}]}}